{"id":26,"date":"2020-04-05T13:00:16","date_gmt":"2020-04-05T13:00:16","guid":{"rendered":"http:\/\/auferstehung.org\/?page_id=26"},"modified":"2020-04-05T17:18:54","modified_gmt":"2020-04-05T17:18:54","slug":"christus-ist-auferstanden","status":"publish","type":"page","link":"https:\/\/auferstehung.org\/","title":{"rendered":"Christus ist auferstanden!"},"content":{"rendered":"\n<p><strong>Er ist wahrhaftig auferstanden! Halleluja!<\/strong><\/p>\n\n\n\n<p>Dieser Ostergru\u00df steht im Zentrum einer jeden Osternacht.<\/p>\n\n\n\n<p>In diesem Gru\u00df klingt das Staunen und die Freude der ersten Christinnen und Christen,<br>die entdecken: das Grab ist leer.\u00a0<br>Von einem Engel empfangen sie die Botschaft: Christus ist auferstanden.<\/p>\n\n\n\n<p>Und dann begegnet er ihnen: der Auferstandene.<br \/>&#8222;Habt keine Angst!&#8220; ist seine Botschaft.<\/p>\n\n\n\n<p>Fast 2000 Jahre ist es her.&nbsp;<br \/>Im Jahr 2030 oder 2033 k\u00f6nnen wir weltweit den 2.000 Jahrestag der Auferstehung Jesu feiern.<\/p>\n\n\n\n<p>Und wir m\u00f6chten das gerne vorbereiten mit einer &#8222;Dekade der Auferstehung&#8220; in den Jahren 2021 bis 2030 oder 2023 bis 2033.<br \/>Noch haben die Gremien der weltweiten \u00d6kumene kein Datum f\u00fcr eine gemeinsame Feier abgesprochen. Dazu m\u00f6chten wir die weltweite christliche \u00d6kumene aller Kirchen und Gemeinschaften ermutigen.<\/p>\n\n\n\n<p>Dazu starten wir zu Ostern 2020 einen Aufruf f\u00fcr eine<\/p>\n\n\n\n<h2><strong>DEKADE DER AUFERSTEHUNG.<\/strong><\/h2>\n\n\n\n<p><\/p>\n\n\n\n<figure class=\"wp-block-embed-youtube wp-block-embed is-type-video is-provider-youtube wp-embed-aspect-16-9 wp-has-aspect-ratio\"><div class=\"wp-block-embed__wrapper\">\n<iframe loading=\"lazy\" title=\"Dekade der Auferstehung Aufruf 2 000 Jahre Ostern m\u00fcssen gefeiert werden #glaubengemeinsam\" width=\"525\" height=\"295\" src=\"https:\/\/www.youtube.com\/embed\/6mzd5QneYnk?feature=oembed\" frameborder=\"0\" allow=\"accelerometer; autoplay; encrypted-media; gyroscope; picture-in-picture\" allowfullscreen><\/iframe>\n<\/div><\/figure>\n","protected":false},"excerpt":{"rendered":"<p>Er ist wahrhaftig auferstanden! Halleluja! Dieser Ostergru\u00df steht im Zentrum einer jeden Osternacht. In diesem Gru\u00df klingt das Staunen und die Freude der ersten Christinnen und Christen,die entdecken: das Grab ist leer.\u00a0Von einem Engel empfangen sie die Botschaft: Christus ist auferstanden. Und dann begegnet er ihnen: der Auferstandene.&#8222;Habt keine Angst!&#8220; ist seine Botschaft. Fast 2000 &hellip; <\/p>\n<p class=\"link-more\"><a href=\"https:\/\/auferstehung.org\/\" class=\"more-link\"><span class=\"screen-reader-text\">\u201eChristus ist auferstanden!\u201c<\/span> weiterlesen<\/a><\/p>\n","protected":false},"author":1,"featured_media":0,"parent":0,"menu_order":0,"comment_status":"closed","ping_status":"closed","template":"","meta":[],"_links":{"self":[{"href":"https:\/\/auferstehung.org\/index.php?rest_route=\/wp\/v2\/pages\/26"}],"collection":[{"href":"https:\/\/auferstehung.org\/index.php?rest_route=\/wp\/v2\/pages"}],"about":[{"href":"https:\/\/auferstehung.org\/index.php?rest_route=\/wp\/v2\/types\/page"}],"author":[{"embeddable":true,"href":"https:\/\/auferstehung.org\/index.php?rest_route=\/wp\/v2\/users\/1"}],"replies":[{"embeddable":true,"href":"https:\/\/auferstehung.org\/index.php?rest_route=%2Fwp%2Fv2%2Fcomments&post=26"}],"version-history":[{"count":6,"href":"https:\/\/auferstehung.org\/index.php?rest_route=\/wp\/v2\/pages\/26\/revisions"}],"predecessor-version":[{"id":35,"href":"https:\/\/auferstehung.org\/index.php?rest_route=\/wp\/v2\/pages\/26\/revisions\/35"}],"wp:attachment":[{"href":"https:\/\/auferstehung.org\/index.php?rest_route=%2Fwp%2Fv2%2Fmedia&parent=26"}],"curies":[{"name":"wp","href":"https:\/\/api.w.org\/{rel}","templated":true}]}}