{"id":63,"date":"2020-04-06T07:09:42","date_gmt":"2020-04-06T07:09:42","guid":{"rendered":"http:\/\/auferstehung.org\/?page_id=63"},"modified":"2020-04-06T07:09:42","modified_gmt":"2020-04-06T07:09:42","slug":"1-welche-themen-sollen-in-einer-auferstehungsdekade-vorkommen","status":"publish","type":"page","link":"https:\/\/auferstehung.org\/?page_id=63","title":{"rendered":"1.  Welche Themen sollen in einer Auferstehungsdekade vorkommen?"},"content":{"rendered":"\n<h3><a>1.1 Alltag und Auferstehung (Pers\u00f6nliche Ebene)<\/a><\/h3>\n\n\n\n<h3>1.2 Auferstehende Kirche &#8211; Was k\u00f6nnte das bedeuten? (Kirchliche Ebene)<\/h3>\n\n\n\n<ul><li>eine Kirche, die selber den radikalen Ruf in die Nachfolge Jesu h\u00f6rt, ihn lebt und weitersagt<\/li><li>eine Kirche, die darauf vertraut, dass Gott in ihr mit seinem Heiligen Geist gegenw\u00e4rtig ist und durch sie in der Welt wirken will<\/li><li>eine Kirche, die wei\u00df, dass Gott etwas mit ihr vorhat<\/li><li>eine Kirche, die nicht prim\u00e4r Institution und Apparat ist, sondern Jesus-Bewegung (Bischof Michael B. Curry),<\/li><li>eine Kirche, die sich kompromisslos an die Seite der Armen, Marginalisierten und Leidenden stellt, denen bei uns, zu uns unterwegs und weltweit<\/li><li>eine Kirche, die wei\u00df, dass sie im ganzen Erdkreis, in der ganzen \u00d6kumene nur eine Kirche ist, so wie die Menschheit eine Menschheit ist, Teil der einen Sch\u00f6pfung, der einen Erde,<\/li><li>eine Kirche, die begeistert, weil alle sp\u00fcren, dass der Geist Gottes lebendig ist in ihr<\/li><li>eine Kirche, die Raum hat f\u00fcr alle<\/li><li>eine Kirche, die alle Menschen zur Umkehr ruft, die mit ihrem Leben nicht dem Leben und der Liebe dienen<\/li><li>eine Kirche, die alle M\u00e4chte und Gewalten, die nicht dem Leben dienen, zur Umkehr ruft, insbesondere globale Konzerne, wirtschaftliche und staatliche Institutionen. (vgl. Walter Wink:<em> Verwandlung der M\u00e4chte. Eine Theologie der Gewaltfreiheit.; The Powers That Be:Theology for a New Millennium<\/em>, )<\/li><\/ul>\n\n\n\n<h3><a>1.3 Auferstehung und Einsatz f\u00fcr die Welt<br>(Politische Ebene)<\/a><\/h3>\n\n\n\n<ul><li>Klimawandel stoppen<\/li><li>globales Umsteuern auf eine Postwachstums\u00f6konomie (Niko Paech)<\/li><li>Hunger \u00fcberwinden \/ Globale Gerechtigkeit (Jean Ziegler)<\/li><li>weltweite soziale Gerechtigkeit<\/li><li>Klimagerechtigkeit<\/li><li>sozial\u00f6kologische Transformation weltweit<\/li><li>Mehr Regionalisierung, weniger Globalisierung<\/li><li>die UN-Ziele f\u00fcr nachhaltige Entwicklung erreichen<\/li><li>Frieden und gewaltfreie Konfliktl\u00f6sung<\/li><li>Partizipation, Demokratie, Wirtschaftsdemokratie,<\/li><li>Vorrang demokratischer Politik vor den Interessen globaler Unternehmen und anderen Wirtschaftsinteressen<\/li><\/ul>\n","protected":false},"excerpt":{"rendered":"<p>1.1 Alltag und Auferstehung (Pers\u00f6nliche Ebene) 1.2 Auferstehende Kirche &#8211; Was k\u00f6nnte das bedeuten? (Kirchliche Ebene) eine Kirche, die selber den radikalen Ruf in die Nachfolge Jesu h\u00f6rt, ihn lebt und weitersagt eine Kirche, die darauf vertraut, dass Gott in ihr mit seinem Heiligen Geist gegenw\u00e4rtig ist und durch sie in der Welt wirken will &hellip; <\/p>\n<p class=\"link-more\"><a href=\"https:\/\/auferstehung.org\/?page_id=63\" class=\"more-link\"><span class=\"screen-reader-text\">\u201e1.  Welche Themen sollen in einer Auferstehungsdekade vorkommen?\u201c<\/span> weiterlesen<\/a><\/p>\n","protected":false},"author":1,"featured_media":0,"parent":0,"menu_order":0,"comment_status":"closed","ping_status":"closed","template":"","meta":[],"_links":{"self":[{"href":"https:\/\/auferstehung.org\/index.php?rest_route=\/wp\/v2\/pages\/63"}],"collection":[{"href":"https:\/\/auferstehung.org\/index.php?rest_route=\/wp\/v2\/pages"}],"about":[{"href":"https:\/\/auferstehung.org\/index.php?rest_route=\/wp\/v2\/types\/page"}],"author":[{"embeddable":true,"href":"https:\/\/auferstehung.org\/index.php?rest_route=\/wp\/v2\/users\/1"}],"replies":[{"embeddable":true,"href":"https:\/\/auferstehung.org\/index.php?rest_route=%2Fwp%2Fv2%2Fcomments&post=63"}],"version-history":[{"count":1,"href":"https:\/\/auferstehung.org\/index.php?rest_route=\/wp\/v2\/pages\/63\/revisions"}],"predecessor-version":[{"id":65,"href":"https:\/\/auferstehung.org\/index.php?rest_route=\/wp\/v2\/pages\/63\/revisions\/65"}],"wp:attachment":[{"href":"https:\/\/auferstehung.org\/index.php?rest_route=%2Fwp%2Fv2%2Fmedia&parent=63"}],"curies":[{"name":"wp","href":"https:\/\/api.w.org\/{rel}","templated":true}]}}