{"id":66,"date":"2020-04-06T07:10:28","date_gmt":"2020-04-06T07:10:28","guid":{"rendered":"http:\/\/auferstehung.org\/?page_id=66"},"modified":"2020-04-06T07:10:28","modified_gmt":"2020-04-06T07:10:28","slug":"2-welche-20-fragen-moechte-ich-gerne-in-den-10-jahren-vor-dem-auferstehungsjubilaeum-bedenken","status":"publish","type":"page","link":"https:\/\/auferstehung.org\/?page_id=66","title":{"rendered":"2. Welche 20 Fragen m\u00f6chte ich gerne in den 10 Jahren vor dem Auferstehungsjubil\u00e4um bedenken?"},"content":{"rendered":"\n<ol type=\"1\"><li>Was bedeutet Tod und Auferstehung in meinem Leben?<\/li><\/ol>\n\n\n\n<ol type=\"1\" start=\"2\"><li>Wie k\u00f6nnen wir als Christinnen und Christen so leben, dass Gerechtigkeit bl\u00fcht, Friede herrscht und die Sch\u00f6pfung bewahrt wird?<\/li><\/ol>\n\n\n\n<ol type=\"1\" start=\"3\"><li>Wie erreiche ich, dass sich die Menschen befreien vom Zwang, irdische Reicht\u00fcmer anzusammeln?<\/li><\/ol>\n\n\n\n<ol type=\"1\" start=\"4\"><li>Wie erreiche ich, dass m\u00f6glichst alle Menschen der Erde dem Leben Christi nachfolgen?<\/li><\/ol>\n\n\n\n<ol type=\"1\" start=\"5\"><li>Wie k\u00f6nnen wir der Generation, die kaum Kenntnis von Jesus Christus hat, den Glauben an die Auferstehung vermitteln?<\/li><\/ol>\n","protected":false},"excerpt":{"rendered":"<p>Was bedeutet Tod und Auferstehung in meinem Leben? Wie k\u00f6nnen wir als Christinnen und Christen so leben, dass Gerechtigkeit bl\u00fcht, Friede herrscht und die Sch\u00f6pfung bewahrt wird? Wie erreiche ich, dass sich die Menschen befreien vom Zwang, irdische Reicht\u00fcmer anzusammeln? Wie erreiche ich, dass m\u00f6glichst alle Menschen der Erde dem Leben Christi nachfolgen? Wie k\u00f6nnen &hellip; <\/p>\n<p class=\"link-more\"><a href=\"https:\/\/auferstehung.org\/?page_id=66\" class=\"more-link\"><span class=\"screen-reader-text\">\u201e2. Welche 20 Fragen m\u00f6chte ich gerne in den 10 Jahren vor dem Auferstehungsjubil\u00e4um bedenken?\u201c<\/span> weiterlesen<\/a><\/p>\n","protected":false},"author":1,"featured_media":0,"parent":0,"menu_order":0,"comment_status":"closed","ping_status":"closed","template":"","meta":[],"_links":{"self":[{"href":"https:\/\/auferstehung.org\/index.php?rest_route=\/wp\/v2\/pages\/66"}],"collection":[{"href":"https:\/\/auferstehung.org\/index.php?rest_route=\/wp\/v2\/pages"}],"about":[{"href":"https:\/\/auferstehung.org\/index.php?rest_route=\/wp\/v2\/types\/page"}],"author":[{"embeddable":true,"href":"https:\/\/auferstehung.org\/index.php?rest_route=\/wp\/v2\/users\/1"}],"replies":[{"embeddable":true,"href":"https:\/\/auferstehung.org\/index.php?rest_route=%2Fwp%2Fv2%2Fcomments&post=66"}],"version-history":[{"count":1,"href":"https:\/\/auferstehung.org\/index.php?rest_route=\/wp\/v2\/pages\/66\/revisions"}],"predecessor-version":[{"id":68,"href":"https:\/\/auferstehung.org\/index.php?rest_route=\/wp\/v2\/pages\/66\/revisions\/68"}],"wp:attachment":[{"href":"https:\/\/auferstehung.org\/index.php?rest_route=%2Fwp%2Fv2%2Fmedia&parent=66"}],"curies":[{"name":"wp","href":"https:\/\/api.w.org\/{rel}","templated":true}]}}